{"id":1438,"date":"2024-10-28T16:34:51","date_gmt":"2024-10-28T16:34:51","guid":{"rendered":"https:\/\/autoreidas.lt\/eu-projects\/"},"modified":"2024-12-10T08:23:06","modified_gmt":"2024-12-10T08:23:06","slug":"eu-projects","status":"publish","type":"page","link":"https:\/\/autoreidas.lt\/en\/eu-projects\/","title":{"rendered":"EU Projects"},"content":{"rendered":"\t\t<div data-elementor-type=\"wp-page\" data-elementor-id=\"1438\" class=\"elementor elementor-1438 elementor-1257\" data-elementor-post-type=\"page\">\n\t\t\t\t<div class=\"elementor-element elementor-element-93e9aa3 e-flex e-con-boxed e-con e-parent\" data-id=\"93e9aa3\" data-element_type=\"container\">\n\t\t\t\t\t<div class=\"e-con-inner\">\n\t\t\t\t<div class=\"elementor-element elementor-element-bc6dc99 elementor-widget elementor-widget-image\" data-id=\"bc6dc99\" data-element_type=\"widget\" data-widget_type=\"image.default\">\n\t\t\t\t<div class=\"elementor-widget-container\">\n\t\t\t\t\t\t\t\t\t\t\t\t\t\t\t<img fetchpriority=\"high\" decoding=\"async\" width=\"800\" height=\"161\" src=\"https:\/\/autoreidas.lt\/wp-content\/uploads\/2024\/10\/es-parama-1024x206-1.jpg\" class=\"attachment-large size-large wp-image-1262\" alt=\"\" srcset=\"https:\/\/autoreidas.lt\/wp-content\/uploads\/2024\/10\/es-parama-1024x206-1.jpg 1024w, https:\/\/autoreidas.lt\/wp-content\/uploads\/2024\/10\/es-parama-1024x206-1-600x121.jpg 600w, https:\/\/autoreidas.lt\/wp-content\/uploads\/2024\/10\/es-parama-1024x206-1-300x60.jpg 300w, https:\/\/autoreidas.lt\/wp-content\/uploads\/2024\/10\/es-parama-1024x206-1-768x155.jpg 768w\" sizes=\"(max-width: 800px) 100vw, 800px\" \/>\t\t\t\t\t\t\t\t\t\t\t\t\t\t\t<\/div>\n\t\t\t\t<\/div>\n\t\t\t\t\t<\/div>\n\t\t\t\t<\/div>\n\t\t<div class=\"elementor-element elementor-element-ce68b24 e-flex e-con-boxed e-con e-parent\" data-id=\"ce68b24\" data-element_type=\"container\">\n\t\t\t\t\t<div class=\"e-con-inner\">\n\t\t\t\t<div class=\"elementor-element elementor-element-7a81983 elementor-widget elementor-widget-text-editor\" data-id=\"7a81983\" data-element_type=\"widget\" data-widget_type=\"text-editor.default\">\n\t\t\t\t<div class=\"elementor-widget-container\">\n\t\t\t\t\t\t\t\t\t<p><strong>PROJEKTO \u201eUAB \u201eAUTOREIDAS\u201c ELEKTRONIN\u0116S PARDUOTUV\u0116S K\u016aRIMAS\u201c NR. 02-033-K-0198<\/strong><\/p>\n<p>Elektronin\u0117s komercijos pl\u0117tra, verslo skaitmenizacijos procesai ir i\u0161 esm\u0117s IT revoliucija paskatino vis daugiau versl\u0173 keltis \u012f internet\u0105 ir su savo paslaugomis ar prek\u0117mis pirk\u0117jus supa\u017eindinti virtualiai. Ne i\u0161imtis ir UAB Autoreidas savo klientams si\u016blantis \u012fvairi\u0173 kategorij\u0173 vairavimo kursus, suteikiantis pradin\u0119 ir periodin\u0119 profesin\u0119 kvalifikacij\u0105 \u201cKodas 95\u201d, vykdantis kit\u0105 su \u012fvairi\u0173 transporto priemoni\u0173 vairavimo mokymais susijusi\u0105 veikl\u0105. Iki \u0161iol informacija apie si\u016blomas paslaugas buvo pateikiama statin\u0117je interneto svetain\u0117je www.autoreidas.lt, atvykus \u012f mokymo vietas arba telefonu. Ta\u010diau \u0161i\u0173 dien\u0173 klientas vis da\u017eniau pageidauja pats susid\u0117lioti mokym\u0173 plan\u0105 jam patogiu metu (ne darbo valandomis), planuoti mokymus b\u016bdamas u\u017esienyje ir tiesioginis kontaktas su \u012fmon\u0117s darbuotojais tampa nebepatrauklus ir nekonkurencingas. Siekiant pritraukti nauj\u0173 klient\u0173 tinkamas sprendimas \u2013 elektronin\u0117 parduotuv\u0117, kurioje klientai sau patogiu metu gal\u0117s u\u017esisakyti ir \u012fsigyti \u012fmon\u0117s teigiamas mokym\u0173 paslaugas. Numatoma, kad elektronin\u0117s parduotuv\u0117s sprendimo \u012fdiegimas padidins bent 30% \u012fmon\u0117s klient\u0173 skai\u010di\u0173 ir \u012fmon\u0117s pajamas.<\/p>\n<p>Projekto pavadinimas:\u00a0<strong>UAB \u201eAUTOREIDAS\u201c ELEKTRONIN\u0116S PARDUOTUV\u0116S K\u016aRIMAS<\/strong><br \/><strong>Projekto numeris: 02-033-K-0198.<\/strong><br \/><strong>Projekto prad\u017eia: 2024 m. gegu\u017e\u0117s m\u0117n. 31 d.<\/strong><br \/><strong>Projekto pabaiga: 2025 m. gegu\u017e\u0117s m\u0117n. 31 d.<\/strong><br \/><strong>Projekto vert\u0117: 46 866 Eur (i\u0161 j\u0173 paramos l\u0117\u0161\u0173 \u2013 23 433 Eur).<\/strong><\/p>\n\t\t\t\t\t\t\t\t<\/div>\n\t\t\t\t<\/div>\n\t\t\t\t\t<\/div>\n\t\t\t\t<\/div>\n\t\t\t\t<\/div>\n\t\t","protected":false},"excerpt":{"rendered":"<p>PROJEKTO \u201eUAB \u201eAUTOREIDAS\u201c ELEKTRONIN\u0116S PARDUOTUV\u0116S K\u016aRIMAS\u201c NR. 02-033-K-0198 Elektronin\u0117s komercijos pl\u0117tra, verslo skaitmenizacijos procesai ir i\u0161 esm\u0117s IT revoliucija paskatino vis daugiau versl\u0173 keltis \u012f internet\u0105 ir su savo paslaugomis ar prek\u0117mis pirk\u0117jus supa\u017eindinti virtualiai. Ne i\u0161imtis ir UAB Autoreidas savo klientams si\u016blantis \u012fvairi\u0173 kategorij\u0173 vairavimo kursus, suteikiantis pradin\u0119 ir periodin\u0119 profesin\u0119 kvalifikacij\u0105 \u201cKodas 95\u201d, [&hellip;]<\/p>\n","protected":false},"author":35,"featured_media":0,"parent":0,"menu_order":0,"comment_status":"closed","ping_status":"closed","template":"","meta":{"footnotes":""},"class_list":["post-1438","page","type-page","status-publish","hentry"],"yoast_head":"<!-- This site is optimized with the Yoast SEO plugin v26.2 - https:\/\/yoast.com\/wordpress\/plugins\/seo\/ -->\n<title>EU Projects - Autoreidas<\/title>\n<meta name=\"robots\" content=\"index, follow, max-snippet:-1, max-image-preview:large, max-video-preview:-1\" \/>\n<link rel=\"canonical\" href=\"https:\/\/autoreidas.lt\/es-projektai\/\" \/>\n<meta property=\"og:locale\" content=\"en_US\" \/>\n<meta property=\"og:type\" content=\"article\" \/>\n<meta property=\"og:title\" content=\"EU Projects - Autoreidas\" \/>\n<meta property=\"og:description\" content=\"PROJEKTO \u201eUAB \u201eAUTOREIDAS\u201c ELEKTRONIN\u0116S PARDUOTUV\u0116S K\u016aRIMAS\u201c NR. 02-033-K-0198 Elektronin\u0117s komercijos pl\u0117tra, verslo skaitmenizacijos procesai ir i\u0161 esm\u0117s IT revoliucija paskatino vis daugiau versl\u0173 keltis \u012f internet\u0105 ir su savo paslaugomis ar prek\u0117mis pirk\u0117jus supa\u017eindinti virtualiai. Ne i\u0161imtis ir UAB Autoreidas savo klientams si\u016blantis \u012fvairi\u0173 kategorij\u0173 vairavimo kursus, suteikiantis pradin\u0119 ir periodin\u0119 profesin\u0119 kvalifikacij\u0105 \u201cKodas 95\u201d, [&hellip;]\" \/>\n<meta property=\"og:url\" content=\"https:\/\/autoreidas.lt\/es-projektai\/\" \/>\n<meta property=\"og:site_name\" content=\"Autoreidas\" \/>\n<meta property=\"article:modified_time\" content=\"2024-12-10T08:23:06+00:00\" \/>\n<meta property=\"og:image\" content=\"https:\/\/autoreidas.lt\/wp-content\/uploads\/2024\/10\/es-parama-1024x206-1.jpg\" \/>\n\t<meta property=\"og:image:width\" content=\"1024\" \/>\n\t<meta property=\"og:image:height\" content=\"206\" \/>\n\t<meta property=\"og:image:type\" content=\"image\/jpeg\" \/>\n<meta name=\"twitter:card\" content=\"summary_large_image\" \/>\n<meta name=\"twitter:label1\" content=\"Est. reading time\" \/>\n\t<meta name=\"twitter:data1\" content=\"1 minute\" \/>\n<script type=\"application\/ld+json\" class=\"yoast-schema-graph\">{\"@context\":\"https:\/\/schema.org\",\"@graph\":[{\"@type\":\"WebPage\",\"@id\":\"https:\/\/autoreidas.lt\/es-projektai\/\",\"url\":\"https:\/\/autoreidas.lt\/es-projektai\/\",\"name\":\"EU Projects - Autoreidas\",\"isPartOf\":{\"@id\":\"https:\/\/autoreidas.lt\/#website\"},\"primaryImageOfPage\":{\"@id\":\"https:\/\/autoreidas.lt\/es-projektai\/#primaryimage\"},\"image\":{\"@id\":\"https:\/\/autoreidas.lt\/es-projektai\/#primaryimage\"},\"thumbnailUrl\":\"https:\/\/autoreidas.lt\/wp-content\/uploads\/2024\/10\/es-parama-1024x206-1.jpg\",\"datePublished\":\"2024-10-28T16:34:51+00:00\",\"dateModified\":\"2024-12-10T08:23:06+00:00\",\"breadcrumb\":{\"@id\":\"https:\/\/autoreidas.lt\/es-projektai\/#breadcrumb\"},\"inLanguage\":\"en-US\",\"potentialAction\":[{\"@type\":\"ReadAction\",\"target\":[\"https:\/\/autoreidas.lt\/es-projektai\/\"]}]},{\"@type\":\"ImageObject\",\"inLanguage\":\"en-US\",\"@id\":\"https:\/\/autoreidas.lt\/es-projektai\/#primaryimage\",\"url\":\"https:\/\/autoreidas.lt\/wp-content\/uploads\/2024\/10\/es-parama-1024x206-1.jpg\",\"contentUrl\":\"https:\/\/autoreidas.lt\/wp-content\/uploads\/2024\/10\/es-parama-1024x206-1.jpg\"},{\"@type\":\"BreadcrumbList\",\"@id\":\"https:\/\/autoreidas.lt\/es-projektai\/#breadcrumb\",\"itemListElement\":[{\"@type\":\"ListItem\",\"position\":1,\"name\":\"Home\",\"item\":\"https:\/\/autoreidas.lt\/en\/home\/\"},{\"@type\":\"ListItem\",\"position\":2,\"name\":\"EU Projects\"}]},{\"@type\":\"WebSite\",\"@id\":\"https:\/\/autoreidas.lt\/#website\",\"url\":\"https:\/\/autoreidas.lt\/\",\"name\":\"Autoreidas\",\"description\":\"\",\"publisher\":{\"@id\":\"https:\/\/autoreidas.lt\/#organization\"},\"potentialAction\":[{\"@type\":\"SearchAction\",\"target\":{\"@type\":\"EntryPoint\",\"urlTemplate\":\"https:\/\/autoreidas.lt\/?s={search_term_string}\"},\"query-input\":{\"@type\":\"PropertyValueSpecification\",\"valueRequired\":true,\"valueName\":\"search_term_string\"}}],\"inLanguage\":\"en-US\"},{\"@type\":\"Organization\",\"@id\":\"https:\/\/autoreidas.lt\/#organization\",\"name\":\"Autoreidas\",\"url\":\"https:\/\/autoreidas.lt\/\",\"logo\":{\"@type\":\"ImageObject\",\"inLanguage\":\"en-US\",\"@id\":\"https:\/\/autoreidas.lt\/#\/schema\/logo\/image\/\",\"url\":\"https:\/\/autoreidas.lt\/wp-content\/uploads\/2023\/10\/logo-autor-1.png\",\"contentUrl\":\"https:\/\/autoreidas.lt\/wp-content\/uploads\/2023\/10\/logo-autor-1.png\",\"width\":288,\"height\":76,\"caption\":\"Autoreidas\"},\"image\":{\"@id\":\"https:\/\/autoreidas.lt\/#\/schema\/logo\/image\/\"}}]}<\/script>\n<!-- \/ Yoast SEO plugin. -->","yoast_head_json":{"title":"EU Projects - Autoreidas","robots":{"index":"index","follow":"follow","max-snippet":"max-snippet:-1","max-image-preview":"max-image-preview:large","max-video-preview":"max-video-preview:-1"},"canonical":"https:\/\/autoreidas.lt\/es-projektai\/","og_locale":"en_US","og_type":"article","og_title":"EU Projects - Autoreidas","og_description":"PROJEKTO \u201eUAB \u201eAUTOREIDAS\u201c ELEKTRONIN\u0116S PARDUOTUV\u0116S K\u016aRIMAS\u201c NR. 02-033-K-0198 Elektronin\u0117s komercijos pl\u0117tra, verslo skaitmenizacijos procesai ir i\u0161 esm\u0117s IT revoliucija paskatino vis daugiau versl\u0173 keltis \u012f internet\u0105 ir su savo paslaugomis ar prek\u0117mis pirk\u0117jus supa\u017eindinti virtualiai. Ne i\u0161imtis ir UAB Autoreidas savo klientams si\u016blantis \u012fvairi\u0173 kategorij\u0173 vairavimo kursus, suteikiantis pradin\u0119 ir periodin\u0119 profesin\u0119 kvalifikacij\u0105 \u201cKodas 95\u201d, [&hellip;]","og_url":"https:\/\/autoreidas.lt\/es-projektai\/","og_site_name":"Autoreidas","article_modified_time":"2024-12-10T08:23:06+00:00","og_image":[{"width":1024,"height":206,"url":"https:\/\/autoreidas.lt\/wp-content\/uploads\/2024\/10\/es-parama-1024x206-1.jpg","type":"image\/jpeg"}],"twitter_card":"summary_large_image","twitter_misc":{"Est. reading time":"1 minute"},"schema":{"@context":"https:\/\/schema.org","@graph":[{"@type":"WebPage","@id":"https:\/\/autoreidas.lt\/es-projektai\/","url":"https:\/\/autoreidas.lt\/es-projektai\/","name":"EU Projects - Autoreidas","isPartOf":{"@id":"https:\/\/autoreidas.lt\/#website"},"primaryImageOfPage":{"@id":"https:\/\/autoreidas.lt\/es-projektai\/#primaryimage"},"image":{"@id":"https:\/\/autoreidas.lt\/es-projektai\/#primaryimage"},"thumbnailUrl":"https:\/\/autoreidas.lt\/wp-content\/uploads\/2024\/10\/es-parama-1024x206-1.jpg","datePublished":"2024-10-28T16:34:51+00:00","dateModified":"2024-12-10T08:23:06+00:00","breadcrumb":{"@id":"https:\/\/autoreidas.lt\/es-projektai\/#breadcrumb"},"inLanguage":"en-US","potentialAction":[{"@type":"ReadAction","target":["https:\/\/autoreidas.lt\/es-projektai\/"]}]},{"@type":"ImageObject","inLanguage":"en-US","@id":"https:\/\/autoreidas.lt\/es-projektai\/#primaryimage","url":"https:\/\/autoreidas.lt\/wp-content\/uploads\/2024\/10\/es-parama-1024x206-1.jpg","contentUrl":"https:\/\/autoreidas.lt\/wp-content\/uploads\/2024\/10\/es-parama-1024x206-1.jpg"},{"@type":"BreadcrumbList","@id":"https:\/\/autoreidas.lt\/es-projektai\/#breadcrumb","itemListElement":[{"@type":"ListItem","position":1,"name":"Home","item":"https:\/\/autoreidas.lt\/en\/home\/"},{"@type":"ListItem","position":2,"name":"EU Projects"}]},{"@type":"WebSite","@id":"https:\/\/autoreidas.lt\/#website","url":"https:\/\/autoreidas.lt\/","name":"Autoreidas","description":"","publisher":{"@id":"https:\/\/autoreidas.lt\/#organization"},"potentialAction":[{"@type":"SearchAction","target":{"@type":"EntryPoint","urlTemplate":"https:\/\/autoreidas.lt\/?s={search_term_string}"},"query-input":{"@type":"PropertyValueSpecification","valueRequired":true,"valueName":"search_term_string"}}],"inLanguage":"en-US"},{"@type":"Organization","@id":"https:\/\/autoreidas.lt\/#organization","name":"Autoreidas","url":"https:\/\/autoreidas.lt\/","logo":{"@type":"ImageObject","inLanguage":"en-US","@id":"https:\/\/autoreidas.lt\/#\/schema\/logo\/image\/","url":"https:\/\/autoreidas.lt\/wp-content\/uploads\/2023\/10\/logo-autor-1.png","contentUrl":"https:\/\/autoreidas.lt\/wp-content\/uploads\/2023\/10\/logo-autor-1.png","width":288,"height":76,"caption":"Autoreidas"},"image":{"@id":"https:\/\/autoreidas.lt\/#\/schema\/logo\/image\/"}}]}},"_links":{"self":[{"href":"https:\/\/autoreidas.lt\/en\/wp-json\/wp\/v2\/pages\/1438","targetHints":{"allow":["GET"]}}],"collection":[{"href":"https:\/\/autoreidas.lt\/en\/wp-json\/wp\/v2\/pages"}],"about":[{"href":"https:\/\/autoreidas.lt\/en\/wp-json\/wp\/v2\/types\/page"}],"author":[{"embeddable":true,"href":"https:\/\/autoreidas.lt\/en\/wp-json\/wp\/v2\/users\/35"}],"replies":[{"embeddable":true,"href":"https:\/\/autoreidas.lt\/en\/wp-json\/wp\/v2\/comments?post=1438"}],"version-history":[{"count":0,"href":"https:\/\/autoreidas.lt\/en\/wp-json\/wp\/v2\/pages\/1438\/revisions"}],"wp:attachment":[{"href":"https:\/\/autoreidas.lt\/en\/wp-json\/wp\/v2\/media?parent=1438"}],"curies":[{"name":"wp","href":"https:\/\/api.w.org\/{rel}","templated":true}]}}