{"id":3982,"date":"2024-11-16T16:04:10","date_gmt":"2024-11-16T16:04:10","guid":{"rendered":"https:\/\/autoreidas.lt\/cookie-policy\/"},"modified":"2025-09-15T13:43:04","modified_gmt":"2025-09-15T13:43:04","slug":"cookie-policy","status":"publish","type":"page","link":"https:\/\/autoreidas.lt\/en\/cookie-policy\/","title":{"rendered":"Cookie Policy"},"content":{"rendered":"\t\t<div data-elementor-type=\"wp-page\" data-elementor-id=\"3982\" class=\"elementor elementor-3982 elementor-1365\" data-elementor-post-type=\"page\">\n\t\t\t\t<div class=\"elementor-element elementor-element-dceae4c e-flex e-con-boxed e-con e-parent\" data-id=\"dceae4c\" data-element_type=\"container\">\n\t\t\t\t\t<div class=\"e-con-inner\">\n\t\t\t\t<div class=\"elementor-element elementor-element-22cfa84 elementor-widget elementor-widget-heading\" data-id=\"22cfa84\" data-element_type=\"widget\" data-widget_type=\"heading.default\">\n\t\t\t\t<div class=\"elementor-widget-container\">\n\t\t\t\t\t<h2 class=\"elementor-heading-title elementor-size-default\">Cookie Policy<\/h2>\t\t\t\t<\/div>\n\t\t\t\t<\/div>\n\t\t\t\t\t<\/div>\n\t\t\t\t<\/div>\n\t\t<div class=\"elementor-element elementor-element-711c951 e-flex e-con-boxed e-con e-parent\" data-id=\"711c951\" data-element_type=\"container\">\n\t\t\t\t\t<div class=\"e-con-inner\">\n\t\t\t\t<div class=\"elementor-element elementor-element-3a18632 elementor-widget elementor-widget-text-editor\" data-id=\"3a18632\" data-element_type=\"widget\" data-widget_type=\"text-editor.default\">\n\t\t\t\t<div class=\"elementor-widget-container\">\n\t\t\t\t\t\t\t\t\t<section class=\"vc_section vc_custom_1588151195031\"><div class=\"vc_row wpb_row vc_row-fluid\"><div class=\"wpb_column vc_column_container vc_col-sm-12\"><div class=\"vc_column-inner\"><div class=\"wpb_wrapper\"><div class=\"vc_row wpb_row vc_inner vc_row-fluid\"><div class=\"wpb_column vc_column_container vc_col-sm-12\"><div class=\"vc_column-inner\"><div class=\"wpb_wrapper\"><div class=\"wpb_text_column wpb_content_element \"><div class=\"wpb_wrapper\"><p>1. Statement on Cookies<br>1.1. About Cookies<br>Websites use smart and useful methods to increase their convenience and make them as engaging as possible for every visitor. One of the best-known methods relates to cookies. Website owners or third parties, such as advertisers who display ads on the website you are visiting, use cookies. Cookies are small text files stored by websites on users\u2019 computers. The information contained in cookies can also be used to track your browsing across different websites that use the same cookie. Cookies are categorized by duration and by who sets them. We believe it is important to inform you about the cookies used on our website and for what purposes they are applied. The purpose of this notice is threefold \u2013 we want to ensure your privacy, convenience, and the funding of our website. This explanation provides more information about the cookies we use and their purposes.         <\/p><p>2. How www.autoreidas.lt Uses Cookies<br>The website www.autoreidas.lt uses cookies to collect statistical data about visitors and to record information about your choices while browsing websites. We use cookies to improve your experience as a visitor. <\/p><p>3. Cookies and Their Functions<br>Different types of cookies are used for different purposes.<br>Below is a list of the most common types of cookies and their explanations.<br>3.1. Session Cookies<br>A session cookie is temporarily stored in your computer\u2019s memory while you browse a website \u2013 for example, to track your language selection. Session cookies are not stored long-term and always disappear once you close your browser.<br>3.2. Persistent or Tracking Cookies<br>A persistent cookie saves a file on your computer for a longer period; such a cookie has an expiration date. Persistent cookies help websites remember your information and preferences for future visits. This enables faster and easier access, as you don\u2019t need to log in again. Once the expiration date passes, the cookie is automatically deleted when you revisit the website.<br>3.3. First-Party Cookies<br>Set by the website itself (same domain as shown in the browser\u2019s address bar) and can only be read by that website. Typically used to store information such as your preferences for future visits.<br>3.4. Third-Party Cookies<br>Set by domains different from the one shown in the browser\u2019s address bar, i.e., not by the website owner. These cookies are used, for example, to collect information for advertising and user-generated content. They may also be used for website statistics. Since third-party cookies allow more detailed analysis of browsing habits, they are considered more sensitive in terms of privacy, and most browsers allow users to block them.              <\/p><p>4. List of Cookies Set on www.autoreidas.lt<br>Website Cookies<\/p><table width=\"806\" cellspacing=\"0\" cellpadding=\"5\"><colgroup> <col width=\"214\"> <col width=\"167\"> <col width=\"191\"> <col width=\"192\"><\/colgroup><tbody><tr valign=\"top\"><td width=\"214\"><p class=\"western\" align=\"center\">Cookie Name<\/p><\/td><td width=\"167\"><p class=\"western\" align=\"center\">Description<\/p><\/td><td width=\"191\"><p class=\"western\" align=\"center\">Type<\/p><\/td><td width=\"192\"><p class=\"western\" align=\"center\">Duration<\/p><\/td><\/tr><tr><td width=\"214\"><p class=\"western\" align=\"center\">GPS<\/p><\/td><td width=\"167\"><p class=\"western\" align=\"center\">Registers the ID of mobile devices to track GPS location.<\/p><\/td><td width=\"191\"><p class=\"western\" align=\"center\">HTML<\/p><\/td><td width=\"192\"><p class=\"western\" align=\"center\">1 day<\/p><\/td><\/tr><tr><td width=\"214\"><p class=\"western\" align=\"center\">IDE<\/p><\/td><td width=\"167\"><p class=\"western\" align=\"center\">Registers a unique ID on mobile devices to enable location-based tracking.<\/p><\/td><td width=\"191\"><p class=\"western\" align=\"center\">HTML<\/p><\/td><td width=\"192\"><p class=\"western\" align=\"center\">1 year<\/p><\/td><\/tr><tr><td width=\"214\"><p class=\"western\" align=\"center\">NID<\/p><\/td><td width=\"167\"><p class=\"western\" align=\"center\">Registers a unique ID that identifies returning users\u2019 devices. Used for targeted ads. <\/p><\/td><td width=\"191\"><p class=\"western\" align=\"center\">HTML<\/p><\/td><td width=\"192\"><p class=\"western\" align=\"center\">6 months<\/p><\/td><\/tr><tr><td width=\"214\"><p class=\"western\" align=\"center\">PREF<\/p><\/td><td width=\"167\"><p class=\"western\" align=\"center\">Registers a unique identifier used by Google to store statistics on how visitors watch YouTube videos across websites.<\/p><\/td><td width=\"191\"><p class=\"western\" align=\"center\">HTML<\/p><\/td><td width=\"192\"><p class=\"western\" align=\"center\">8 months<\/p><\/td><\/tr><tr><td width=\"214\"><p class=\"western\" align=\"center\">test_cookie<\/p><\/td><td width=\"167\"><p class=\"western\" align=\"center\">Used to check if the user\u2019s browser supports cookies.<\/p><\/td><td width=\"191\"><p class=\"western\" align=\"center\">HTML<\/p><\/td><td width=\"192\"><p class=\"western\" align=\"center\">1 day<\/p><\/td><\/tr><tr><td width=\"214\"><p class=\"western\" align=\"center\">VISITOR_INFO1_LIVE<\/p><\/td><td width=\"167\"><p class=\"western\" align=\"center\">Attempts to estimate bandwidth on pages with integrated YouTube videos.<\/p><\/td><td width=\"191\"><p class=\"western\" align=\"center\">HTML<\/p><\/td><td width=\"192\"><p class=\"western\" align=\"center\">179 days<\/p><\/td><\/tr><tr><td width=\"214\"><p class=\"western\" align=\"center\">YSC<\/p><\/td><td width=\"167\"><p class=\"western\" align=\"center\">Registers a unique ID to keep statistics on which YouTube videos a user has watched.<\/p><\/td><td width=\"191\"><p class=\"western\" align=\"center\">HTML<\/p><\/td><td width=\"192\"><p class=\"western\" align=\"center\">Session<\/p><\/td><\/tr><tr><td width=\"214\"><p class=\"western\" align=\"center\">yt-remote-cast-installed<\/p><\/td><td width=\"167\"><p class=\"western\" align=\"center\">Stores user video player settings with YouTube video.<br><\/p><\/td><td width=\"191\"><p class=\"western\" align=\"center\">HTML<\/p><\/td><td width=\"192\"><p class=\"western\" align=\"center\">Session<\/p><\/td><\/tr><tr><td width=\"214\"><p class=\"western\" align=\"center\">yt-remote-connected-devices<\/p><\/td><td width=\"167\"><p class=\"western\" align=\"center\">Stores user video player settings.<\/p><\/td><td width=\"191\"><p class=\"western\" align=\"center\">HTML<\/p><\/td><td width=\"192\"><p class=\"western\" align=\"center\">Persistent<\/p><\/td><\/tr><tr><td width=\"214\"><p class=\"western\" align=\"center\">yt-remote-device-id<\/p><\/td><td width=\"167\"><p class=\"western\" align=\"center\">Stores user video player settings.<\/p><\/td><td width=\"191\"><p class=\"western\" align=\"center\">HTML<\/p><\/td><td width=\"192\"><p class=\"western\" align=\"center\">Persistent<\/p><\/td><\/tr><tr><td width=\"214\"><p class=\"western\" align=\"center\">yt-remote-fast-check-period<\/p><\/td><td width=\"167\"><p class=\"western\" align=\"center\">Stores user video player settings.<\/p><\/td><td width=\"191\"><p class=\"western\" align=\"center\">HTML<\/p><\/td><td width=\"192\"><p class=\"western\" align=\"center\">Session<\/p><\/td><\/tr><tr><td width=\"214\" height=\"38\"><p class=\"western\" align=\"center\">yt-remote-session-app<\/p><\/td><td width=\"167\"><p class=\"western\" align=\"center\">Stores user video player settings.<\/p><\/td><td width=\"191\"><p class=\"western\" align=\"center\">HTML<\/p><\/td><td width=\"192\"><p class=\"western\" align=\"center\">Session<\/p><\/td><\/tr><tr><td width=\"214\"><p class=\"western\" align=\"center\">yt-remote-session-name<\/p><\/td><td width=\"167\"><p class=\"western\" align=\"center\">Stores user video player settings.<\/p><\/td><td width=\"191\"><p class=\"western\" align=\"center\">HTML<\/p><\/td><td width=\"192\"><p class=\"western\" align=\"center\">Session<\/p><\/td><\/tr><\/tbody><\/table><p>5. Managing Cookies<br>5.1. How to View Cookies<br>Since cookies are simple text files, they can be opened with most text editors. You can click and open them. Below are links explaining how to view cookies in different browsers:<br>&#8220;Firefox&#8221;<br>Chrome&#8221;<br>&#8220;Internet Explorer 8\u201311&#8221;<br>If you use another browser, refer to its cookie information. For mobile devices, see the user manual.<br>5.2. Disabling\/Enabling or Deleting Cookies<br>You can restrict or block cookies via browser settings. If you want websites not to store any cookies at all, you can configure your browser to notify you before placing cookies. You can also set it to reject all or only third-party cookies. Similarly, you can delete cookies already stored. Note that you\u2019ll need to configure each browser\/device separately. Be aware: if you reject cookies, our website may not function properly, some features may be lost, and some pages may not be visible. Rejecting cookies does not mean you will no longer see ads \u2013 but ads will no longer be tailored to your interests.<br>More information: http:\/\/www.aboutcookies.org\/                 <\/p><p>6. Other \/ Unforeseen Cookies<br>Due to how the internet and websites work, we may not always be aware of cookies placed by third parties via our site (e.g., embedded content like text, images, videos). If you encounter such cookies not listed above, please inform us, or contact the relevant third party directly. <br>Therefore, if you encounter such cookies on our website that we have not previously listed, please inform us. Alternatively, contact the relevant third party directly and ask what cookies they have placed, why they do so, how long the cookie will be used, and how they ensure your privacy. <\/p><p>7. Contact Us<br>If you have questions related to personal data processing or cookie usage, please contact us:<\/p><p>UAB \u201cAutoreidas\u201d<br>E\u017eero g. 4, Kar\u010demos, Radvili\u0161kio raj. sav., LT\u201382183, Lithuania<br>Company code: 302537984<br>VAT code: LT100010066818<br>Mob. tel. +370 640 53397<br>Email: autoreidas@gmail.com    <\/p><\/div><\/div><\/div><\/div><\/div><\/div><\/div><\/div><\/div><\/div><\/section><section class=\"vc_section vc_custom_1588245367617 vc_section-has-fill\" data-vc-full-width=\"true\" data-vc-full-width-init=\"true\"><div class=\"vc_row wpb_row vc_row-fluid\"><div class=\"wpb_column vc_column_container vc_col-sm-12\"><div class=\"vc_column-inner\"><div class=\"wpb_wrapper\"><div class=\"wpb_text_column wpb_content_element \"><div class=\"wpb_wrapper\"> <\/div><\/div><\/div><\/div><\/div><\/div><\/section>\t\t\t\t\t\t\t\t<\/div>\n\t\t\t\t<\/div>\n\t\t\t\t\t<\/div>\n\t\t\t\t<\/div>\n\t\t\t\t<\/div>\n\t\t","protected":false},"excerpt":{"rendered":"<p>Cookie Policy 1. Statement on Cookies1.1. About CookiesWebsites use smart and useful methods to increase their convenience and make them as engaging as possible for every visitor. One of the best-known methods relates to cookies. Website owners or third parties, such as advertisers who display ads on the website you are visiting, use cookies. Cookies [&hellip;]<\/p>\n","protected":false},"author":35,"featured_media":0,"parent":0,"menu_order":0,"comment_status":"closed","ping_status":"closed","template":"","meta":{"footnotes":""},"class_list":["post-3982","page","type-page","status-publish","hentry"],"yoast_head":"<!-- This site is optimized with the Yoast SEO plugin v26.2 - https:\/\/yoast.com\/wordpress\/plugins\/seo\/ -->\n<title>Cookie Policy - Autoreidas<\/title>\n<meta name=\"robots\" content=\"index, follow, max-snippet:-1, max-image-preview:large, max-video-preview:-1\" \/>\n<link rel=\"canonical\" href=\"https:\/\/autoreidas.lt\/cookie-policy\/?lang=en\" \/>\n<meta property=\"og:locale\" content=\"en_US\" \/>\n<meta property=\"og:type\" content=\"article\" \/>\n<meta property=\"og:title\" content=\"Cookie Policy - Autoreidas\" \/>\n<meta property=\"og:description\" content=\"Cookie Policy 1. Statement on Cookies1.1. About CookiesWebsites use smart and useful methods to increase their convenience and make them as engaging as possible for every visitor. One of the best-known methods relates to cookies. Website owners or third parties, such as advertisers who display ads on the website you are visiting, use cookies. Cookies [&hellip;]\" \/>\n<meta property=\"og:url\" content=\"https:\/\/autoreidas.lt\/cookie-policy\/?lang=en\" \/>\n<meta property=\"og:site_name\" content=\"Autoreidas\" \/>\n<meta property=\"article:modified_time\" content=\"2025-09-15T13:43:04+00:00\" \/>\n<meta name=\"twitter:card\" content=\"summary_large_image\" \/>\n<meta name=\"twitter:label1\" content=\"Est. reading time\" \/>\n\t<meta name=\"twitter:data1\" content=\"4 minutes\" \/>\n<script type=\"application\/ld+json\" class=\"yoast-schema-graph\">{\"@context\":\"https:\/\/schema.org\",\"@graph\":[{\"@type\":\"WebPage\",\"@id\":\"https:\/\/autoreidas.lt\/cookie-policy\/?lang=en\",\"url\":\"https:\/\/autoreidas.lt\/cookie-policy\/?lang=en\",\"name\":\"Cookie Policy - Autoreidas\",\"isPartOf\":{\"@id\":\"https:\/\/autoreidas.lt\/#website\"},\"datePublished\":\"2024-11-16T16:04:10+00:00\",\"dateModified\":\"2025-09-15T13:43:04+00:00\",\"breadcrumb\":{\"@id\":\"https:\/\/autoreidas.lt\/cookie-policy\/?lang=en#breadcrumb\"},\"inLanguage\":\"en-US\",\"potentialAction\":[{\"@type\":\"ReadAction\",\"target\":[\"https:\/\/autoreidas.lt\/cookie-policy\/?lang=en\"]}]},{\"@type\":\"BreadcrumbList\",\"@id\":\"https:\/\/autoreidas.lt\/cookie-policy\/?lang=en#breadcrumb\",\"itemListElement\":[{\"@type\":\"ListItem\",\"position\":1,\"name\":\"Home\",\"item\":\"https:\/\/autoreidas.lt\/en\/home\/\"},{\"@type\":\"ListItem\",\"position\":2,\"name\":\"Cookie Policy\"}]},{\"@type\":\"WebSite\",\"@id\":\"https:\/\/autoreidas.lt\/#website\",\"url\":\"https:\/\/autoreidas.lt\/\",\"name\":\"Autoreidas\",\"description\":\"\",\"publisher\":{\"@id\":\"https:\/\/autoreidas.lt\/#organization\"},\"potentialAction\":[{\"@type\":\"SearchAction\",\"target\":{\"@type\":\"EntryPoint\",\"urlTemplate\":\"https:\/\/autoreidas.lt\/?s={search_term_string}\"},\"query-input\":{\"@type\":\"PropertyValueSpecification\",\"valueRequired\":true,\"valueName\":\"search_term_string\"}}],\"inLanguage\":\"en-US\"},{\"@type\":\"Organization\",\"@id\":\"https:\/\/autoreidas.lt\/#organization\",\"name\":\"Autoreidas\",\"url\":\"https:\/\/autoreidas.lt\/\",\"logo\":{\"@type\":\"ImageObject\",\"inLanguage\":\"en-US\",\"@id\":\"https:\/\/autoreidas.lt\/#\/schema\/logo\/image\/\",\"url\":\"https:\/\/autoreidas.lt\/wp-content\/uploads\/2023\/10\/logo-autor-1.png\",\"contentUrl\":\"https:\/\/autoreidas.lt\/wp-content\/uploads\/2023\/10\/logo-autor-1.png\",\"width\":288,\"height\":76,\"caption\":\"Autoreidas\"},\"image\":{\"@id\":\"https:\/\/autoreidas.lt\/#\/schema\/logo\/image\/\"}}]}<\/script>\n<!-- \/ Yoast SEO plugin. -->","yoast_head_json":{"title":"Cookie Policy - Autoreidas","robots":{"index":"index","follow":"follow","max-snippet":"max-snippet:-1","max-image-preview":"max-image-preview:large","max-video-preview":"max-video-preview:-1"},"canonical":"https:\/\/autoreidas.lt\/cookie-policy\/?lang=en","og_locale":"en_US","og_type":"article","og_title":"Cookie Policy - Autoreidas","og_description":"Cookie Policy 1. Statement on Cookies1.1. About CookiesWebsites use smart and useful methods to increase their convenience and make them as engaging as possible for every visitor. One of the best-known methods relates to cookies. Website owners or third parties, such as advertisers who display ads on the website you are visiting, use cookies. Cookies [&hellip;]","og_url":"https:\/\/autoreidas.lt\/cookie-policy\/?lang=en","og_site_name":"Autoreidas","article_modified_time":"2025-09-15T13:43:04+00:00","twitter_card":"summary_large_image","twitter_misc":{"Est. reading time":"4 minutes"},"schema":{"@context":"https:\/\/schema.org","@graph":[{"@type":"WebPage","@id":"https:\/\/autoreidas.lt\/cookie-policy\/?lang=en","url":"https:\/\/autoreidas.lt\/cookie-policy\/?lang=en","name":"Cookie Policy - Autoreidas","isPartOf":{"@id":"https:\/\/autoreidas.lt\/#website"},"datePublished":"2024-11-16T16:04:10+00:00","dateModified":"2025-09-15T13:43:04+00:00","breadcrumb":{"@id":"https:\/\/autoreidas.lt\/cookie-policy\/?lang=en#breadcrumb"},"inLanguage":"en-US","potentialAction":[{"@type":"ReadAction","target":["https:\/\/autoreidas.lt\/cookie-policy\/?lang=en"]}]},{"@type":"BreadcrumbList","@id":"https:\/\/autoreidas.lt\/cookie-policy\/?lang=en#breadcrumb","itemListElement":[{"@type":"ListItem","position":1,"name":"Home","item":"https:\/\/autoreidas.lt\/en\/home\/"},{"@type":"ListItem","position":2,"name":"Cookie Policy"}]},{"@type":"WebSite","@id":"https:\/\/autoreidas.lt\/#website","url":"https:\/\/autoreidas.lt\/","name":"Autoreidas","description":"","publisher":{"@id":"https:\/\/autoreidas.lt\/#organization"},"potentialAction":[{"@type":"SearchAction","target":{"@type":"EntryPoint","urlTemplate":"https:\/\/autoreidas.lt\/?s={search_term_string}"},"query-input":{"@type":"PropertyValueSpecification","valueRequired":true,"valueName":"search_term_string"}}],"inLanguage":"en-US"},{"@type":"Organization","@id":"https:\/\/autoreidas.lt\/#organization","name":"Autoreidas","url":"https:\/\/autoreidas.lt\/","logo":{"@type":"ImageObject","inLanguage":"en-US","@id":"https:\/\/autoreidas.lt\/#\/schema\/logo\/image\/","url":"https:\/\/autoreidas.lt\/wp-content\/uploads\/2023\/10\/logo-autor-1.png","contentUrl":"https:\/\/autoreidas.lt\/wp-content\/uploads\/2023\/10\/logo-autor-1.png","width":288,"height":76,"caption":"Autoreidas"},"image":{"@id":"https:\/\/autoreidas.lt\/#\/schema\/logo\/image\/"}}]}},"_links":{"self":[{"href":"https:\/\/autoreidas.lt\/en\/wp-json\/wp\/v2\/pages\/3982","targetHints":{"allow":["GET"]}}],"collection":[{"href":"https:\/\/autoreidas.lt\/en\/wp-json\/wp\/v2\/pages"}],"about":[{"href":"https:\/\/autoreidas.lt\/en\/wp-json\/wp\/v2\/types\/page"}],"author":[{"embeddable":true,"href":"https:\/\/autoreidas.lt\/en\/wp-json\/wp\/v2\/users\/35"}],"replies":[{"embeddable":true,"href":"https:\/\/autoreidas.lt\/en\/wp-json\/wp\/v2\/comments?post=3982"}],"version-history":[{"count":1,"href":"https:\/\/autoreidas.lt\/en\/wp-json\/wp\/v2\/pages\/3982\/revisions"}],"predecessor-version":[{"id":3983,"href":"https:\/\/autoreidas.lt\/en\/wp-json\/wp\/v2\/pages\/3982\/revisions\/3983"}],"wp:attachment":[{"href":"https:\/\/autoreidas.lt\/en\/wp-json\/wp\/v2\/media?parent=3982"}],"curies":[{"name":"wp","href":"https:\/\/api.w.org\/{rel}","templated":true}]}}