{"id":1469,"date":"2024-10-28T14:56:14","date_gmt":"2024-10-28T14:56:14","guid":{"rendered":"https:\/\/autoreidas.lt\/%d0%be%d1%84%d0%be%d1%80%d0%bc%d0%b8%d1%82%d1%8c-%d0%b7%d0%b0%d0%ba%d0%b0%d0%b7\/"},"modified":"2025-09-05T13:06:58","modified_gmt":"2025-09-05T13:06:58","slug":"%d0%be%d1%84%d0%be%d1%80%d0%bc%d0%b8%d1%82%d1%8c-%d0%b7%d0%b0%d0%ba%d0%b0%d0%b7","status":"publish","type":"page","link":"https:\/\/autoreidas.lt\/ru\/%d0%be%d1%84%d0%be%d1%80%d0%bc%d0%b8%d1%82%d1%8c-%d0%b7%d0%b0%d0%ba%d0%b0%d0%b7\/","title":{"rendered":"\u041e\u043f\u043b\u0430\u0442\u0430"},"content":{"rendered":"\t\t<div data-elementor-type=\"wp-page\" data-elementor-id=\"1469\" class=\"elementor elementor-1469 elementor-1191\" data-elementor-post-type=\"page\">\n\t\t\t\t<div class=\"elementor-element elementor-element-11ddb94 e-flex e-con-boxed e-con e-parent\" data-id=\"11ddb94\" data-element_type=\"container\">\n\t\t\t\t\t<div class=\"e-con-inner\">\n\t\t\t\t<div class=\"elementor-element elementor-element-8c1deee elementor-widget elementor-widget-heading\" data-id=\"8c1deee\" data-element_type=\"widget\" data-widget_type=\"heading.default\">\n\t\t\t\t<div class=\"elementor-widget-container\">\n\t\t\t\t\t<h2 class=\"elementor-heading-title elementor-size-default\">\u041e\u043f\u043b\u0430\u0442\u0430<\/h2>\t\t\t\t<\/div>\n\t\t\t\t<\/div>\n\t\t\t\t\t<\/div>\n\t\t\t\t<\/div>\n\t\t<div class=\"elementor-element elementor-element-ce5de75 e-flex e-con-boxed e-con e-parent\" data-id=\"ce5de75\" data-element_type=\"container\">\n\t\t\t\t\t<div class=\"e-con-inner\">\n\t\t\t\t<div class=\"elementor-element elementor-element-70db49c e-checkout-layout-two-column elementor-widget elementor-widget-woocommerce-checkout-page\" data-id=\"70db49c\" data-element_type=\"widget\" data-widget_type=\"woocommerce-checkout-page.default\">\n\t\t\t\t<div class=\"elementor-widget-container\">\n\t\t\t\t\t<div class=\"woocommerce\"><div class=\"woocommerce-notices-wrapper\"><\/div><\/div>\t\t\t\t<\/div>\n\t\t\t\t<\/div>\n\t\t\t\t\t<\/div>\n\t\t\t\t<\/div>\n\t\t\t\t<\/div>\n\t\t","protected":false},"excerpt":{"rendered":"<p>\u041e\u043f\u043b\u0430\u0442\u0430 \u0414\u0430\u043d\u043d\u044b\u0435 \u043e \u043f\u043e\u043a\u0443\u043f\u0430\u0442\u0435\u043b\u044f\u0445 \u0418\u043c\u044f&nbsp;* \u0424\u0430\u043c\u0438\u043b\u0438\u044f&nbsp;* \u041d\u0430\u0437\u0432\u0430\u043d\u0438\u0435 \u043a\u043e\u043c\u043f\u0430\u043d\u0438\u0438&nbsp;(neb\u016btinas) Miestas&nbsp;* \u041d\u043e\u043c\u0435\u0440 \u0442\u0435\u043b\u0435\u0444\u043e\u043d\u0430&nbsp;* \u042d\u043b\u0435\u043a\u0442\u0440\u043e\u043d\u043d\u0430\u044f \u043f\u043e\u0447\u0442\u0430 &nbsp;* \u041f\u0440\u0438\u043c\u0435\u0447\u0430\u043d\u0438\u0435 \u043a \u0437\u0430\u043a\u0430\u0437\u0443&nbsp;(neb\u016btinas) \u0412\u0430\u0448 \u0437\u0430\u043a\u0430\u0437 Produktas Suma B kategorija (Automatin\u0117 pavar\u0173 d\u0117\u017e\u0117) &#8212; Standartin\u0117&nbsp;&nbsp; &times;&nbsp;1 490,00&nbsp;&euro; Suma 490,00&nbsp;&euro; Viso 490,00&nbsp;&euro; Paysera payment methods ALBANIJAAUSTRIJABELGIJABULGARIJAKANADA\u010cEKIJAVOKIETIJADANIJAESTIJAISPANIJASUOMIJAPRANC\u016bZIJAJUNGTIN\u0117 KARALYST\u0117GRUZIJAGRAIKIJAKROATIJAVENGRIJAAIRIJAITALIJALIETUVALIUKSEMBURGASLATVIJAMALTANYDERLANDAINORVEGIJAKITOS \u0161ALYSLENKIJAPORTUGALIJARUMUNIJA\u0160VEDIJASLOV\u0117NIJASLOVAKIJATURKIJAJUNGTIN\u0117S VALSTIJOSKOSOVASElektronin\u0117 bankininkyst\u0117Paysera s\u0105skaitaRevolut (LT)N26 Bank (LT)Intesa SanPaoloAlpha BankBKT BankCredins BankFibank BankOTP BankProCredit BankRaiffeisen BankTirana BankUnion [&hellip;]<\/p>\n","protected":false},"author":35,"featured_media":0,"parent":0,"menu_order":0,"comment_status":"closed","ping_status":"closed","template":"","meta":{"footnotes":""},"class_list":["post-1469","page","type-page","status-publish","hentry"],"yoast_head":"<!-- This site is optimized with the Yoast SEO plugin v26.2 - https:\/\/yoast.com\/wordpress\/plugins\/seo\/ -->\n<title>\u041e\u043f\u043b\u0430\u0442\u0430 - Autoreidas<\/title>\n<meta name=\"robots\" content=\"index, follow, max-snippet:-1, max-image-preview:large, max-video-preview:-1\" \/>\n<link rel=\"canonical\" href=\"https:\/\/autoreidas.lt\/\u043e\u0444\u043e\u0440\u043c\u0438\u0442\u044c-\u0437\u0430\u043a\u0430\u0437\/?lang=ru\" \/>\n<meta property=\"og:locale\" content=\"ru_RU\" \/>\n<meta property=\"og:type\" content=\"article\" \/>\n<meta property=\"og:title\" content=\"\u041e\u043f\u043b\u0430\u0442\u0430 - Autoreidas\" \/>\n<meta property=\"og:description\" content=\"\u041e\u043f\u043b\u0430\u0442\u0430 \u0414\u0430\u043d\u043d\u044b\u0435 \u043e \u043f\u043e\u043a\u0443\u043f\u0430\u0442\u0435\u043b\u044f\u0445 \u0418\u043c\u044f&nbsp;* \u0424\u0430\u043c\u0438\u043b\u0438\u044f&nbsp;* \u041d\u0430\u0437\u0432\u0430\u043d\u0438\u0435 \u043a\u043e\u043c\u043f\u0430\u043d\u0438\u0438&nbsp;(neb\u016btinas) Miestas&nbsp;* \u041d\u043e\u043c\u0435\u0440 \u0442\u0435\u043b\u0435\u0444\u043e\u043d\u0430&nbsp;* \u042d\u043b\u0435\u043a\u0442\u0440\u043e\u043d\u043d\u0430\u044f \u043f\u043e\u0447\u0442\u0430 &nbsp;* \u041f\u0440\u0438\u043c\u0435\u0447\u0430\u043d\u0438\u0435 \u043a \u0437\u0430\u043a\u0430\u0437\u0443&nbsp;(neb\u016btinas) \u0412\u0430\u0448 \u0437\u0430\u043a\u0430\u0437 Produktas Suma B kategorija (Automatin\u0117 pavar\u0173 d\u0117\u017e\u0117) &#8212; Standartin\u0117&nbsp;&nbsp; &times;&nbsp;1 490,00&nbsp;&euro; Suma 490,00&nbsp;&euro; Viso 490,00&nbsp;&euro; Paysera payment methods ALBANIJAAUSTRIJABELGIJABULGARIJAKANADA\u010cEKIJAVOKIETIJADANIJAESTIJAISPANIJASUOMIJAPRANC\u016bZIJAJUNGTIN\u0117 KARALYST\u0117GRUZIJAGRAIKIJAKROATIJAVENGRIJAAIRIJAITALIJALIETUVALIUKSEMBURGASLATVIJAMALTANYDERLANDAINORVEGIJAKITOS \u0161ALYSLENKIJAPORTUGALIJARUMUNIJA\u0160VEDIJASLOV\u0117NIJASLOVAKIJATURKIJAJUNGTIN\u0117S VALSTIJOSKOSOVASElektronin\u0117 bankininkyst\u0117Paysera s\u0105skaitaRevolut (LT)N26 Bank (LT)Intesa SanPaoloAlpha BankBKT BankCredins BankFibank BankOTP BankProCredit BankRaiffeisen BankTirana BankUnion [&hellip;]\" \/>\n<meta property=\"og:url\" content=\"https:\/\/autoreidas.lt\/\u043e\u0444\u043e\u0440\u043c\u0438\u0442\u044c-\u0437\u0430\u043a\u0430\u0437\/?lang=ru\" \/>\n<meta property=\"og:site_name\" content=\"Autoreidas\" \/>\n<meta property=\"article:modified_time\" content=\"2025-09-05T13:06:58+00:00\" \/>\n<meta property=\"og:image\" content=\"https:\/\/autoreidas.lt\/wp-content\/plugins\/woo-payment-gateway-paysera\/assets\/images\/paysera.svg\" \/>\n<meta name=\"twitter:card\" content=\"summary_large_image\" \/>\n<meta name=\"twitter:label1\" content=\"\u041f\u0440\u0438\u043c\u0435\u0440\u043d\u043e\u0435 \u0432\u0440\u0435\u043c\u044f \u0434\u043b\u044f \u0447\u0442\u0435\u043d\u0438\u044f\" \/>\n\t<meta name=\"twitter:data1\" content=\"3 \u043c\u0438\u043d\u0443\u0442\u044b\" \/>\n<script type=\"application\/ld+json\" class=\"yoast-schema-graph\">{\"@context\":\"https:\/\/schema.org\",\"@graph\":[{\"@type\":\"WebPage\",\"@id\":\"https:\/\/autoreidas.lt\/%d0%be%d1%84%d0%be%d1%80%d0%bc%d0%b8%d1%82%d1%8c-%d0%b7%d0%b0%d0%ba%d0%b0%d0%b7\/?lang=ru\",\"url\":\"https:\/\/autoreidas.lt\/%d0%be%d1%84%d0%be%d1%80%d0%bc%d0%b8%d1%82%d1%8c-%d0%b7%d0%b0%d0%ba%d0%b0%d0%b7\/?lang=ru\",\"name\":\"\u041e\u043f\u043b\u0430\u0442\u0430 - Autoreidas\",\"isPartOf\":{\"@id\":\"https:\/\/autoreidas.lt\/#website\"},\"primaryImageOfPage\":{\"@id\":\"https:\/\/autoreidas.lt\/%d0%be%d1%84%d0%be%d1%80%d0%bc%d0%b8%d1%82%d1%8c-%d0%b7%d0%b0%d0%ba%d0%b0%d0%b7\/?lang=ru#primaryimage\"},\"image\":{\"@id\":\"https:\/\/autoreidas.lt\/%d0%be%d1%84%d0%be%d1%80%d0%bc%d0%b8%d1%82%d1%8c-%d0%b7%d0%b0%d0%ba%d0%b0%d0%b7\/?lang=ru#primaryimage\"},\"thumbnailUrl\":\"https:\/\/autoreidas.lt\/wp-content\/plugins\/woo-payment-gateway-paysera\/assets\/images\/paysera.svg\",\"datePublished\":\"2024-10-28T14:56:14+00:00\",\"dateModified\":\"2025-09-05T13:06:58+00:00\",\"breadcrumb\":{\"@id\":\"https:\/\/autoreidas.lt\/%d0%be%d1%84%d0%be%d1%80%d0%bc%d0%b8%d1%82%d1%8c-%d0%b7%d0%b0%d0%ba%d0%b0%d0%b7\/?lang=ru#breadcrumb\"},\"inLanguage\":\"ru-RU\",\"potentialAction\":[{\"@type\":\"ReadAction\",\"target\":[\"https:\/\/autoreidas.lt\/%d0%be%d1%84%d0%be%d1%80%d0%bc%d0%b8%d1%82%d1%8c-%d0%b7%d0%b0%d0%ba%d0%b0%d0%b7\/?lang=ru\"]}]},{\"@type\":\"ImageObject\",\"inLanguage\":\"ru-RU\",\"@id\":\"https:\/\/autoreidas.lt\/%d0%be%d1%84%d0%be%d1%80%d0%bc%d0%b8%d1%82%d1%8c-%d0%b7%d0%b0%d0%ba%d0%b0%d0%b7\/?lang=ru#primaryimage\",\"url\":\"https:\/\/autoreidas.lt\/wp-content\/plugins\/woo-payment-gateway-paysera\/assets\/images\/paysera.svg\",\"contentUrl\":\"https:\/\/autoreidas.lt\/wp-content\/plugins\/woo-payment-gateway-paysera\/assets\/images\/paysera.svg\"},{\"@type\":\"BreadcrumbList\",\"@id\":\"https:\/\/autoreidas.lt\/%d0%be%d1%84%d0%be%d1%80%d0%bc%d0%b8%d1%82%d1%8c-%d0%b7%d0%b0%d0%ba%d0%b0%d0%b7\/?lang=ru#breadcrumb\",\"itemListElement\":[{\"@type\":\"ListItem\",\"position\":1,\"name\":\"Home\",\"item\":\"https:\/\/autoreidas.lt\/ru\/%d0%be%d1%81%d0%bd%d0%be%d0%b2%d0%bd%d0%be%d0%b9\/\"},{\"@type\":\"ListItem\",\"position\":2,\"name\":\"\u041e\u043f\u043b\u0430\u0442\u0430\"}]},{\"@type\":\"WebSite\",\"@id\":\"https:\/\/autoreidas.lt\/#website\",\"url\":\"https:\/\/autoreidas.lt\/\",\"name\":\"Autoreidas\",\"description\":\"\",\"publisher\":{\"@id\":\"https:\/\/autoreidas.lt\/#organization\"},\"potentialAction\":[{\"@type\":\"SearchAction\",\"target\":{\"@type\":\"EntryPoint\",\"urlTemplate\":\"https:\/\/autoreidas.lt\/?s={search_term_string}\"},\"query-input\":{\"@type\":\"PropertyValueSpecification\",\"valueRequired\":true,\"valueName\":\"search_term_string\"}}],\"inLanguage\":\"ru-RU\"},{\"@type\":\"Organization\",\"@id\":\"https:\/\/autoreidas.lt\/#organization\",\"name\":\"Autoreidas\",\"url\":\"https:\/\/autoreidas.lt\/\",\"logo\":{\"@type\":\"ImageObject\",\"inLanguage\":\"ru-RU\",\"@id\":\"https:\/\/autoreidas.lt\/#\/schema\/logo\/image\/\",\"url\":\"https:\/\/autoreidas.lt\/wp-content\/uploads\/2023\/10\/logo-autor-1.png\",\"contentUrl\":\"https:\/\/autoreidas.lt\/wp-content\/uploads\/2023\/10\/logo-autor-1.png\",\"width\":288,\"height\":76,\"caption\":\"Autoreidas\"},\"image\":{\"@id\":\"https:\/\/autoreidas.lt\/#\/schema\/logo\/image\/\"}}]}<\/script>\n<!-- \/ Yoast SEO plugin. -->","yoast_head_json":{"title":"\u041e\u043f\u043b\u0430\u0442\u0430 - Autoreidas","robots":{"index":"index","follow":"follow","max-snippet":"max-snippet:-1","max-image-preview":"max-image-preview:large","max-video-preview":"max-video-preview:-1"},"canonical":"https:\/\/autoreidas.lt\/\u043e\u0444\u043e\u0440\u043c\u0438\u0442\u044c-\u0437\u0430\u043a\u0430\u0437\/?lang=ru","og_locale":"ru_RU","og_type":"article","og_title":"\u041e\u043f\u043b\u0430\u0442\u0430 - Autoreidas","og_description":"\u041e\u043f\u043b\u0430\u0442\u0430 \u0414\u0430\u043d\u043d\u044b\u0435 \u043e \u043f\u043e\u043a\u0443\u043f\u0430\u0442\u0435\u043b\u044f\u0445 \u0418\u043c\u044f&nbsp;* \u0424\u0430\u043c\u0438\u043b\u0438\u044f&nbsp;* \u041d\u0430\u0437\u0432\u0430\u043d\u0438\u0435 \u043a\u043e\u043c\u043f\u0430\u043d\u0438\u0438&nbsp;(neb\u016btinas) Miestas&nbsp;* \u041d\u043e\u043c\u0435\u0440 \u0442\u0435\u043b\u0435\u0444\u043e\u043d\u0430&nbsp;* \u042d\u043b\u0435\u043a\u0442\u0440\u043e\u043d\u043d\u0430\u044f \u043f\u043e\u0447\u0442\u0430 &nbsp;* \u041f\u0440\u0438\u043c\u0435\u0447\u0430\u043d\u0438\u0435 \u043a \u0437\u0430\u043a\u0430\u0437\u0443&nbsp;(neb\u016btinas) \u0412\u0430\u0448 \u0437\u0430\u043a\u0430\u0437 Produktas Suma B kategorija (Automatin\u0117 pavar\u0173 d\u0117\u017e\u0117) &#8212; Standartin\u0117&nbsp;&nbsp; &times;&nbsp;1 490,00&nbsp;&euro; Suma 490,00&nbsp;&euro; Viso 490,00&nbsp;&euro; Paysera payment methods ALBANIJAAUSTRIJABELGIJABULGARIJAKANADA\u010cEKIJAVOKIETIJADANIJAESTIJAISPANIJASUOMIJAPRANC\u016bZIJAJUNGTIN\u0117 KARALYST\u0117GRUZIJAGRAIKIJAKROATIJAVENGRIJAAIRIJAITALIJALIETUVALIUKSEMBURGASLATVIJAMALTANYDERLANDAINORVEGIJAKITOS \u0161ALYSLENKIJAPORTUGALIJARUMUNIJA\u0160VEDIJASLOV\u0117NIJASLOVAKIJATURKIJAJUNGTIN\u0117S VALSTIJOSKOSOVASElektronin\u0117 bankininkyst\u0117Paysera s\u0105skaitaRevolut (LT)N26 Bank (LT)Intesa SanPaoloAlpha BankBKT BankCredins BankFibank BankOTP BankProCredit BankRaiffeisen BankTirana BankUnion [&hellip;]","og_url":"https:\/\/autoreidas.lt\/\u043e\u0444\u043e\u0440\u043c\u0438\u0442\u044c-\u0437\u0430\u043a\u0430\u0437\/?lang=ru","og_site_name":"Autoreidas","article_modified_time":"2025-09-05T13:06:58+00:00","og_image":[{"url":"https:\/\/autoreidas.lt\/wp-content\/plugins\/woo-payment-gateway-paysera\/assets\/images\/paysera.svg","type":"","width":"","height":""}],"twitter_card":"summary_large_image","twitter_misc":{"\u041f\u0440\u0438\u043c\u0435\u0440\u043d\u043e\u0435 \u0432\u0440\u0435\u043c\u044f \u0434\u043b\u044f \u0447\u0442\u0435\u043d\u0438\u044f":"3 \u043c\u0438\u043d\u0443\u0442\u044b"},"schema":{"@context":"https:\/\/schema.org","@graph":[{"@type":"WebPage","@id":"https:\/\/autoreidas.lt\/%d0%be%d1%84%d0%be%d1%80%d0%bc%d0%b8%d1%82%d1%8c-%d0%b7%d0%b0%d0%ba%d0%b0%d0%b7\/?lang=ru","url":"https:\/\/autoreidas.lt\/%d0%be%d1%84%d0%be%d1%80%d0%bc%d0%b8%d1%82%d1%8c-%d0%b7%d0%b0%d0%ba%d0%b0%d0%b7\/?lang=ru","name":"\u041e\u043f\u043b\u0430\u0442\u0430 - Autoreidas","isPartOf":{"@id":"https:\/\/autoreidas.lt\/#website"},"primaryImageOfPage":{"@id":"https:\/\/autoreidas.lt\/%d0%be%d1%84%d0%be%d1%80%d0%bc%d0%b8%d1%82%d1%8c-%d0%b7%d0%b0%d0%ba%d0%b0%d0%b7\/?lang=ru#primaryimage"},"image":{"@id":"https:\/\/autoreidas.lt\/%d0%be%d1%84%d0%be%d1%80%d0%bc%d0%b8%d1%82%d1%8c-%d0%b7%d0%b0%d0%ba%d0%b0%d0%b7\/?lang=ru#primaryimage"},"thumbnailUrl":"https:\/\/autoreidas.lt\/wp-content\/plugins\/woo-payment-gateway-paysera\/assets\/images\/paysera.svg","datePublished":"2024-10-28T14:56:14+00:00","dateModified":"2025-09-05T13:06:58+00:00","breadcrumb":{"@id":"https:\/\/autoreidas.lt\/%d0%be%d1%84%d0%be%d1%80%d0%bc%d0%b8%d1%82%d1%8c-%d0%b7%d0%b0%d0%ba%d0%b0%d0%b7\/?lang=ru#breadcrumb"},"inLanguage":"ru-RU","potentialAction":[{"@type":"ReadAction","target":["https:\/\/autoreidas.lt\/%d0%be%d1%84%d0%be%d1%80%d0%bc%d0%b8%d1%82%d1%8c-%d0%b7%d0%b0%d0%ba%d0%b0%d0%b7\/?lang=ru"]}]},{"@type":"ImageObject","inLanguage":"ru-RU","@id":"https:\/\/autoreidas.lt\/%d0%be%d1%84%d0%be%d1%80%d0%bc%d0%b8%d1%82%d1%8c-%d0%b7%d0%b0%d0%ba%d0%b0%d0%b7\/?lang=ru#primaryimage","url":"https:\/\/autoreidas.lt\/wp-content\/plugins\/woo-payment-gateway-paysera\/assets\/images\/paysera.svg","contentUrl":"https:\/\/autoreidas.lt\/wp-content\/plugins\/woo-payment-gateway-paysera\/assets\/images\/paysera.svg"},{"@type":"BreadcrumbList","@id":"https:\/\/autoreidas.lt\/%d0%be%d1%84%d0%be%d1%80%d0%bc%d0%b8%d1%82%d1%8c-%d0%b7%d0%b0%d0%ba%d0%b0%d0%b7\/?lang=ru#breadcrumb","itemListElement":[{"@type":"ListItem","position":1,"name":"Home","item":"https:\/\/autoreidas.lt\/ru\/%d0%be%d1%81%d0%bd%d0%be%d0%b2%d0%bd%d0%be%d0%b9\/"},{"@type":"ListItem","position":2,"name":"\u041e\u043f\u043b\u0430\u0442\u0430"}]},{"@type":"WebSite","@id":"https:\/\/autoreidas.lt\/#website","url":"https:\/\/autoreidas.lt\/","name":"Autoreidas","description":"","publisher":{"@id":"https:\/\/autoreidas.lt\/#organization"},"potentialAction":[{"@type":"SearchAction","target":{"@type":"EntryPoint","urlTemplate":"https:\/\/autoreidas.lt\/?s={search_term_string}"},"query-input":{"@type":"PropertyValueSpecification","valueRequired":true,"valueName":"search_term_string"}}],"inLanguage":"ru-RU"},{"@type":"Organization","@id":"https:\/\/autoreidas.lt\/#organization","name":"Autoreidas","url":"https:\/\/autoreidas.lt\/","logo":{"@type":"ImageObject","inLanguage":"ru-RU","@id":"https:\/\/autoreidas.lt\/#\/schema\/logo\/image\/","url":"https:\/\/autoreidas.lt\/wp-content\/uploads\/2023\/10\/logo-autor-1.png","contentUrl":"https:\/\/autoreidas.lt\/wp-content\/uploads\/2023\/10\/logo-autor-1.png","width":288,"height":76,"caption":"Autoreidas"},"image":{"@id":"https:\/\/autoreidas.lt\/#\/schema\/logo\/image\/"}}]}},"_links":{"self":[{"href":"https:\/\/autoreidas.lt\/ru\/wp-json\/wp\/v2\/pages\/1469","targetHints":{"allow":["GET"]}}],"collection":[{"href":"https:\/\/autoreidas.lt\/ru\/wp-json\/wp\/v2\/pages"}],"about":[{"href":"https:\/\/autoreidas.lt\/ru\/wp-json\/wp\/v2\/types\/page"}],"author":[{"embeddable":true,"href":"https:\/\/autoreidas.lt\/ru\/wp-json\/wp\/v2\/users\/35"}],"replies":[{"embeddable":true,"href":"https:\/\/autoreidas.lt\/ru\/wp-json\/wp\/v2\/comments?post=1469"}],"version-history":[{"count":5,"href":"https:\/\/autoreidas.lt\/ru\/wp-json\/wp\/v2\/pages\/1469\/revisions"}],"predecessor-version":[{"id":3692,"href":"https:\/\/autoreidas.lt\/ru\/wp-json\/wp\/v2\/pages\/1469\/revisions\/3692"}],"wp:attachment":[{"href":"https:\/\/autoreidas.lt\/ru\/wp-json\/wp\/v2\/media?parent=1469"}],"curies":[{"name":"wp","href":"https:\/\/api.w.org\/{rel}","templated":true}]}}