{"id":1470,"date":"2024-10-28T14:56:14","date_gmt":"2024-10-28T14:56:14","guid":{"rendered":"https:\/\/autoreidas.lt\/%d0%bc%d0%be%d1%8f-%d1%83%d1%87%d0%b5%d1%82%d0%bd%d0%b0%d1%8f-%d0%b7%d0%b0%d0%bf%d0%b8%d1%81%d1%8c\/"},"modified":"2025-09-15T13:46:40","modified_gmt":"2025-09-15T13:46:40","slug":"%d0%bc%d0%be%d1%8f-%d1%83%d1%87%d0%b5%d1%82%d0%bd%d0%b0%d1%8f-%d0%b7%d0%b0%d0%bf%d0%b8%d1%81%d1%8c","status":"publish","type":"page","link":"https:\/\/autoreidas.lt\/ru\/%d0%bc%d0%be%d1%8f-%d1%83%d1%87%d0%b5%d1%82%d0%bd%d0%b0%d1%8f-%d0%b7%d0%b0%d0%bf%d0%b8%d1%81%d1%8c\/","title":{"rendered":"\u0410\u043a\u043a\u0430\u0443\u043d\u0442"},"content":{"rendered":"\t\t<div data-elementor-type=\"wp-page\" data-elementor-id=\"1470\" class=\"elementor elementor-1470 elementor-1192\" data-elementor-post-type=\"page\">\n\t\t\t\t<div class=\"elementor-element elementor-element-b4deb06 e-flex e-con-boxed e-con e-parent\" data-id=\"b4deb06\" data-element_type=\"container\">\n\t\t\t\t\t<div class=\"e-con-inner\">\n\t\t\t\t<div class=\"elementor-element elementor-element-fa8ea7a elementor-widget elementor-widget-heading\" data-id=\"fa8ea7a\" data-element_type=\"widget\" data-widget_type=\"heading.default\">\n\t\t\t\t<div class=\"elementor-widget-container\">\n\t\t\t\t\t<h2 class=\"elementor-heading-title elementor-size-default\">\u0410\u043a\u043a\u0430\u0443\u043d\u0442<\/h2>\t\t\t\t<\/div>\n\t\t\t\t<\/div>\n\t\t\t\t\t<\/div>\n\t\t\t\t<\/div>\n\t\t<div class=\"elementor-element elementor-element-539cb1ee e-flex e-con-boxed e-con e-parent\" data-id=\"539cb1ee\" data-element_type=\"container\">\n\t\t\t\t\t<div class=\"e-con-inner\">\n\t\t\t\t<div class=\"elementor-element elementor-element-56846ae2 elementor-widget elementor-widget-text-editor\" data-id=\"56846ae2\" data-element_type=\"widget\" data-widget_type=\"text-editor.default\">\n\t\t\t\t<div class=\"elementor-widget-container\">\n\t\t\t\t\t\t\t\t\t<div class=\"woocommerce\"><div class=\"woocommerce-notices-wrapper\"><\/div>\n\n<div class=\"u-columns col2-set\" id=\"customer_login\">\n\n\t<div class=\"u-column1 col-1\">\n\n\n\t\t<h2>\u0412\u0445\u043e\u0434<\/h2>\n\n\t\t<form class=\"woocommerce-form woocommerce-form-login login\" method=\"post\" novalidate>\n\n\t\t\t\n\t\t\t<p class=\"woocommerce-form-row woocommerce-form-row--wide form-row form-row-wide\">\n\t\t\t\t<label for=\"username\">\u0418\u043c\u044f \u043f\u043e\u043b\u044c\u0437\u043e\u0432\u0430\u0442\u0435\u043b\u044f \u0438\u043b\u0438 Email&nbsp;<span class=\"required\" aria-hidden=\"true\">*<\/span><span class=\"screen-reader-text\">\u041e\u0431\u044f\u0437\u0430\u0442\u0435\u043b\u044c\u043d\u043e<\/span><\/label>\n\t\t\t\t<input type=\"text\" class=\"woocommerce-Input woocommerce-Input--text input-text\" name=\"username\" id=\"username\" autocomplete=\"username\" value=\"\" required aria-required=\"true\" \/>\t\t\t<\/p>\n\t\t\t<p class=\"woocommerce-form-row woocommerce-form-row--wide form-row form-row-wide\">\n\t\t\t\t<label for=\"password\">\u041f\u0430\u0440\u043e\u043b\u044c&nbsp;<span class=\"required\" aria-hidden=\"true\">*<\/span><span class=\"screen-reader-text\">\u041e\u0431\u044f\u0437\u0430\u0442\u0435\u043b\u044c\u043d\u043e<\/span><\/label>\n\t\t\t\t<input class=\"woocommerce-Input woocommerce-Input--text input-text\" type=\"password\" name=\"password\" id=\"password\" autocomplete=\"current-password\" required aria-required=\"true\" \/>\n\t\t\t<\/p>\n\n\t\t\t\n\t\t\t<p class=\"form-row\">\n\t\t\t\t<label class=\"woocommerce-form__label woocommerce-form__label-for-checkbox woocommerce-form-login__rememberme\">\n\t\t\t\t\t<input class=\"woocommerce-form__input woocommerce-form__input-checkbox\" name=\"rememberme\" type=\"checkbox\" id=\"rememberme\" value=\"forever\" \/> <span>\u0417\u0430\u043f\u043e\u043c\u043d\u0438\u0442\u044c \u043c\u0435\u043d\u044f<\/span>\n\t\t\t\t<\/label>\n\t\t\t\t<input type=\"hidden\" id=\"woocommerce-login-nonce\" name=\"woocommerce-login-nonce\" value=\"32a9373bd0\" \/><input type=\"hidden\" name=\"_wp_http_referer\" value=\"\/ru\/wp-json\/wp\/v2\/pages\/1470\" \/>\t\t\t\t<button type=\"submit\" class=\"woocommerce-button button woocommerce-form-login__submit\" name=\"login\" value=\"\u0412\u043e\u0439\u0442\u0438\">\u0412\u043e\u0439\u0442\u0438<\/button>\n\t\t\t<\/p>\n\t\t\t<p class=\"woocommerce-LostPassword lost_password\">\n\t\t\t\t<a href=\"https:\/\/autoreidas.lt\/ru\/%d0%bc%d0%be%d1%8f-%d1%83%d1%87%d0%b5%d1%82%d0%bd%d0%b0%d1%8f-%d0%b7%d0%b0%d0%bf%d0%b8%d1%81%d1%8c\/lost-password\/\">\u0417\u0430\u0431\u044b\u043b\u0438 \u0441\u0432\u043e\u0439 \u043f\u0430\u0440\u043e\u043b\u044c?<\/a>\n\t\t\t<\/p>\n\n\t\t\t\n\t\t<\/form>\n\n\n\t<\/div>\n\n\t<div class=\"u-column2 col-2\">\n\n\t\t<h2>\u0420\u0435\u0433\u0438\u0441\u0442\u0440\u0430\u0446\u0438\u044f<\/h2>\n\n\t\t<form method=\"post\" class=\"woocommerce-form woocommerce-form-register register\"  >\n\n\t\t\t\n\t\t\t\n\t\t\t<p class=\"woocommerce-form-row woocommerce-form-row--wide form-row form-row-wide\">\n\t\t\t\t<label for=\"reg_email\">Email&nbsp;<span class=\"required\" aria-hidden=\"true\">*<\/span><span class=\"screen-reader-text\">\u041e\u0431\u044f\u0437\u0430\u0442\u0435\u043b\u044c\u043d\u043e<\/span><\/label>\n\t\t\t\t<input type=\"email\" class=\"woocommerce-Input woocommerce-Input--text input-text\" name=\"email\" id=\"reg_email\" autocomplete=\"email\" value=\"\" required aria-required=\"true\" \/>\t\t\t<\/p>\n\n\t\t\t\n\t\t\t\t<p>\u0421\u0441\u044b\u043b\u043a\u0430 \u0434\u043b\u044f \u0443\u0441\u0442\u0430\u043d\u043e\u0432\u043a\u0438 \u043d\u043e\u0432\u043e\u0433\u043e \u043f\u0430\u0440\u043e\u043b\u044f \u0431\u0443\u0434\u0435\u0442 \u043e\u0442\u043f\u0440\u0430\u0432\u043b\u0435\u043d\u0430 \u200b\u200b\u043d\u0430 \u0432\u0430\u0448 \u0430\u0434\u0440\u0435\u0441 \u044d\u043b\u0435\u043a\u0442\u0440\u043e\u043d\u043d\u043e\u0439 \u043f\u043e\u0447\u0442\u044b.<\/p>\n\n\t\t\t\n\t\t\t<wc-order-attribution-inputs><\/wc-order-attribution-inputs><div class=\"woocommerce-privacy-policy-text\"><p>J\u016bs\u0173 asmeniniai duomenys bus naudojami patogesniam nar\u0161ymui \u0161iame tinklalapyje, paskyros valdymui bei kitoms reikm\u0117ms, kurios apra\u0161ytos m\u016bs\u0173 <a href=\"https:\/\/autoreidas.lt\/privatumo-politika\/\" class=\"woocommerce-privacy-policy-link\" target=\"_blank\">\u043f\u043e\u043b\u0438\u0442\u0438\u043a\u0430 \u043a\u043e\u043d\u0444\u0438\u0434\u0435\u043d\u0446\u0438\u0430\u043b\u044c\u043d\u043e\u0441\u0442\u0438<\/a>.<\/p>\n<\/div>\n\t\t\t<p class=\"woocommerce-form-row form-row\">\n\t\t\t\t<input type=\"hidden\" id=\"woocommerce-register-nonce\" name=\"woocommerce-register-nonce\" value=\"3fe732033d\" \/><input type=\"hidden\" name=\"_wp_http_referer\" value=\"\/ru\/wp-json\/wp\/v2\/pages\/1470\" \/>\t\t\t\t<button type=\"submit\" class=\"woocommerce-Button woocommerce-button button woocommerce-form-register__submit\" name=\"register\" value=\"\u0420\u0435\u0433\u0438\u0441\u0442\u0440\u0430\u0446\u0438\u044f\">\u0420\u0435\u0433\u0438\u0441\u0442\u0440\u0430\u0446\u0438\u044f<\/button>\n\t\t\t<\/p>\n\n\t\t\t\n\t\t<\/form>\n\n\t<\/div>\n\n<\/div>\n\n<\/div>\t\t\t\t\t\t\t\t<\/div>\n\t\t\t\t<\/div>\n\t\t\t\t\t<\/div>\n\t\t\t\t<\/div>\n\t\t\t\t<\/div>\n\t\t","protected":false},"excerpt":{"rendered":"<p>\u0410\u043a\u043a\u0430\u0443\u043d\u0442<\/p>\n","protected":false},"author":35,"featured_media":0,"parent":0,"menu_order":0,"comment_status":"closed","ping_status":"closed","template":"","meta":{"footnotes":""},"class_list":["post-1470","page","type-page","status-publish","hentry"],"yoast_head":"<!-- This site is optimized with the Yoast SEO plugin v26.2 - https:\/\/yoast.com\/wordpress\/plugins\/seo\/ -->\n<title>\u0410\u043a\u043a\u0430\u0443\u043d\u0442 - Autoreidas<\/title>\n<meta name=\"robots\" content=\"index, follow, max-snippet:-1, max-image-preview:large, max-video-preview:-1\" \/>\n<link rel=\"canonical\" href=\"https:\/\/autoreidas.lt\/\u043c\u043e\u044f-\u0443\u0447\u0435\u0442\u043d\u0430\u044f-\u0437\u0430\u043f\u0438\u0441\u044c\/?lang=ru\" \/>\n<meta property=\"og:locale\" content=\"ru_RU\" \/>\n<meta property=\"og:type\" content=\"article\" \/>\n<meta property=\"og:title\" content=\"\u0410\u043a\u043a\u0430\u0443\u043d\u0442 - Autoreidas\" \/>\n<meta property=\"og:description\" content=\"\u0410\u043a\u043a\u0430\u0443\u043d\u0442\" \/>\n<meta property=\"og:url\" content=\"https:\/\/autoreidas.lt\/\u043c\u043e\u044f-\u0443\u0447\u0435\u0442\u043d\u0430\u044f-\u0437\u0430\u043f\u0438\u0441\u044c\/?lang=ru\" \/>\n<meta property=\"og:site_name\" content=\"Autoreidas\" \/>\n<meta property=\"article:modified_time\" content=\"2025-09-15T13:46:40+00:00\" \/>\n<meta name=\"twitter:card\" content=\"summary_large_image\" \/>\n<script type=\"application\/ld+json\" class=\"yoast-schema-graph\">{\"@context\":\"https:\/\/schema.org\",\"@graph\":[{\"@type\":\"WebPage\",\"@id\":\"https:\/\/autoreidas.lt\/%d0%bc%d0%be%d1%8f-%d1%83%d1%87%d0%b5%d1%82%d0%bd%d0%b0%d1%8f-%d0%b7%d0%b0%d0%bf%d0%b8%d1%81%d1%8c\/?lang=ru\",\"url\":\"https:\/\/autoreidas.lt\/%d0%bc%d0%be%d1%8f-%d1%83%d1%87%d0%b5%d1%82%d0%bd%d0%b0%d1%8f-%d0%b7%d0%b0%d0%bf%d0%b8%d1%81%d1%8c\/?lang=ru\",\"name\":\"\u0410\u043a\u043a\u0430\u0443\u043d\u0442 - Autoreidas\",\"isPartOf\":{\"@id\":\"https:\/\/autoreidas.lt\/#website\"},\"datePublished\":\"2024-10-28T14:56:14+00:00\",\"dateModified\":\"2025-09-15T13:46:40+00:00\",\"breadcrumb\":{\"@id\":\"https:\/\/autoreidas.lt\/%d0%bc%d0%be%d1%8f-%d1%83%d1%87%d0%b5%d1%82%d0%bd%d0%b0%d1%8f-%d0%b7%d0%b0%d0%bf%d0%b8%d1%81%d1%8c\/?lang=ru#breadcrumb\"},\"inLanguage\":\"ru-RU\",\"potentialAction\":[{\"@type\":\"ReadAction\",\"target\":[\"https:\/\/autoreidas.lt\/%d0%bc%d0%be%d1%8f-%d1%83%d1%87%d0%b5%d1%82%d0%bd%d0%b0%d1%8f-%d0%b7%d0%b0%d0%bf%d0%b8%d1%81%d1%8c\/?lang=ru\"]}]},{\"@type\":\"BreadcrumbList\",\"@id\":\"https:\/\/autoreidas.lt\/%d0%bc%d0%be%d1%8f-%d1%83%d1%87%d0%b5%d1%82%d0%bd%d0%b0%d1%8f-%d0%b7%d0%b0%d0%bf%d0%b8%d1%81%d1%8c\/?lang=ru#breadcrumb\",\"itemListElement\":[{\"@type\":\"ListItem\",\"position\":1,\"name\":\"Home\",\"item\":\"https:\/\/autoreidas.lt\/ru\/%d0%be%d1%81%d0%bd%d0%be%d0%b2%d0%bd%d0%be%d0%b9\/\"},{\"@type\":\"ListItem\",\"position\":2,\"name\":\"\u0410\u043a\u043a\u0430\u0443\u043d\u0442\"}]},{\"@type\":\"WebSite\",\"@id\":\"https:\/\/autoreidas.lt\/#website\",\"url\":\"https:\/\/autoreidas.lt\/\",\"name\":\"Autoreidas\",\"description\":\"\",\"publisher\":{\"@id\":\"https:\/\/autoreidas.lt\/#organization\"},\"potentialAction\":[{\"@type\":\"SearchAction\",\"target\":{\"@type\":\"EntryPoint\",\"urlTemplate\":\"https:\/\/autoreidas.lt\/?s={search_term_string}\"},\"query-input\":{\"@type\":\"PropertyValueSpecification\",\"valueRequired\":true,\"valueName\":\"search_term_string\"}}],\"inLanguage\":\"ru-RU\"},{\"@type\":\"Organization\",\"@id\":\"https:\/\/autoreidas.lt\/#organization\",\"name\":\"Autoreidas\",\"url\":\"https:\/\/autoreidas.lt\/\",\"logo\":{\"@type\":\"ImageObject\",\"inLanguage\":\"ru-RU\",\"@id\":\"https:\/\/autoreidas.lt\/#\/schema\/logo\/image\/\",\"url\":\"https:\/\/autoreidas.lt\/wp-content\/uploads\/2023\/10\/logo-autor-1.png\",\"contentUrl\":\"https:\/\/autoreidas.lt\/wp-content\/uploads\/2023\/10\/logo-autor-1.png\",\"width\":288,\"height\":76,\"caption\":\"Autoreidas\"},\"image\":{\"@id\":\"https:\/\/autoreidas.lt\/#\/schema\/logo\/image\/\"}}]}<\/script>\n<!-- \/ Yoast SEO plugin. -->","yoast_head_json":{"title":"\u0410\u043a\u043a\u0430\u0443\u043d\u0442 - Autoreidas","robots":{"index":"index","follow":"follow","max-snippet":"max-snippet:-1","max-image-preview":"max-image-preview:large","max-video-preview":"max-video-preview:-1"},"canonical":"https:\/\/autoreidas.lt\/\u043c\u043e\u044f-\u0443\u0447\u0435\u0442\u043d\u0430\u044f-\u0437\u0430\u043f\u0438\u0441\u044c\/?lang=ru","og_locale":"ru_RU","og_type":"article","og_title":"\u0410\u043a\u043a\u0430\u0443\u043d\u0442 - Autoreidas","og_description":"\u0410\u043a\u043a\u0430\u0443\u043d\u0442","og_url":"https:\/\/autoreidas.lt\/\u043c\u043e\u044f-\u0443\u0447\u0435\u0442\u043d\u0430\u044f-\u0437\u0430\u043f\u0438\u0441\u044c\/?lang=ru","og_site_name":"Autoreidas","article_modified_time":"2025-09-15T13:46:40+00:00","twitter_card":"summary_large_image","schema":{"@context":"https:\/\/schema.org","@graph":[{"@type":"WebPage","@id":"https:\/\/autoreidas.lt\/%d0%bc%d0%be%d1%8f-%d1%83%d1%87%d0%b5%d1%82%d0%bd%d0%b0%d1%8f-%d0%b7%d0%b0%d0%bf%d0%b8%d1%81%d1%8c\/?lang=ru","url":"https:\/\/autoreidas.lt\/%d0%bc%d0%be%d1%8f-%d1%83%d1%87%d0%b5%d1%82%d0%bd%d0%b0%d1%8f-%d0%b7%d0%b0%d0%bf%d0%b8%d1%81%d1%8c\/?lang=ru","name":"\u0410\u043a\u043a\u0430\u0443\u043d\u0442 - Autoreidas","isPartOf":{"@id":"https:\/\/autoreidas.lt\/#website"},"datePublished":"2024-10-28T14:56:14+00:00","dateModified":"2025-09-15T13:46:40+00:00","breadcrumb":{"@id":"https:\/\/autoreidas.lt\/%d0%bc%d0%be%d1%8f-%d1%83%d1%87%d0%b5%d1%82%d0%bd%d0%b0%d1%8f-%d0%b7%d0%b0%d0%bf%d0%b8%d1%81%d1%8c\/?lang=ru#breadcrumb"},"inLanguage":"ru-RU","potentialAction":[{"@type":"ReadAction","target":["https:\/\/autoreidas.lt\/%d0%bc%d0%be%d1%8f-%d1%83%d1%87%d0%b5%d1%82%d0%bd%d0%b0%d1%8f-%d0%b7%d0%b0%d0%bf%d0%b8%d1%81%d1%8c\/?lang=ru"]}]},{"@type":"BreadcrumbList","@id":"https:\/\/autoreidas.lt\/%d0%bc%d0%be%d1%8f-%d1%83%d1%87%d0%b5%d1%82%d0%bd%d0%b0%d1%8f-%d0%b7%d0%b0%d0%bf%d0%b8%d1%81%d1%8c\/?lang=ru#breadcrumb","itemListElement":[{"@type":"ListItem","position":1,"name":"Home","item":"https:\/\/autoreidas.lt\/ru\/%d0%be%d1%81%d0%bd%d0%be%d0%b2%d0%bd%d0%be%d0%b9\/"},{"@type":"ListItem","position":2,"name":"\u0410\u043a\u043a\u0430\u0443\u043d\u0442"}]},{"@type":"WebSite","@id":"https:\/\/autoreidas.lt\/#website","url":"https:\/\/autoreidas.lt\/","name":"Autoreidas","description":"","publisher":{"@id":"https:\/\/autoreidas.lt\/#organization"},"potentialAction":[{"@type":"SearchAction","target":{"@type":"EntryPoint","urlTemplate":"https:\/\/autoreidas.lt\/?s={search_term_string}"},"query-input":{"@type":"PropertyValueSpecification","valueRequired":true,"valueName":"search_term_string"}}],"inLanguage":"ru-RU"},{"@type":"Organization","@id":"https:\/\/autoreidas.lt\/#organization","name":"Autoreidas","url":"https:\/\/autoreidas.lt\/","logo":{"@type":"ImageObject","inLanguage":"ru-RU","@id":"https:\/\/autoreidas.lt\/#\/schema\/logo\/image\/","url":"https:\/\/autoreidas.lt\/wp-content\/uploads\/2023\/10\/logo-autor-1.png","contentUrl":"https:\/\/autoreidas.lt\/wp-content\/uploads\/2023\/10\/logo-autor-1.png","width":288,"height":76,"caption":"Autoreidas"},"image":{"@id":"https:\/\/autoreidas.lt\/#\/schema\/logo\/image\/"}}]}},"_links":{"self":[{"href":"https:\/\/autoreidas.lt\/ru\/wp-json\/wp\/v2\/pages\/1470","targetHints":{"allow":["GET"]}}],"collection":[{"href":"https:\/\/autoreidas.lt\/ru\/wp-json\/wp\/v2\/pages"}],"about":[{"href":"https:\/\/autoreidas.lt\/ru\/wp-json\/wp\/v2\/types\/page"}],"author":[{"embeddable":true,"href":"https:\/\/autoreidas.lt\/ru\/wp-json\/wp\/v2\/users\/35"}],"replies":[{"embeddable":true,"href":"https:\/\/autoreidas.lt\/ru\/wp-json\/wp\/v2\/comments?post=1470"}],"version-history":[{"count":2,"href":"https:\/\/autoreidas.lt\/ru\/wp-json\/wp\/v2\/pages\/1470\/revisions"}],"predecessor-version":[{"id":3987,"href":"https:\/\/autoreidas.lt\/ru\/wp-json\/wp\/v2\/pages\/1470\/revisions\/3987"}],"wp:attachment":[{"href":"https:\/\/autoreidas.lt\/ru\/wp-json\/wp\/v2\/media?parent=1470"}],"curies":[{"name":"wp","href":"https:\/\/api.w.org\/{rel}","templated":true}]}}